{"id":33,"date":"2017-02-13T12:10:40","date_gmt":"2017-02-13T11:10:40","guid":{"rendered":"http:\/\/www.twofamilyarchives.com\/?page_id=33"},"modified":"2017-06-07T08:03:35","modified_gmt":"2017-06-07T07:03:35","slug":"reviews","status":"publish","type":"page","link":"https:\/\/www.twofamilyarchives.com\/de\/reviews\/","title":{"rendered":"Reaktionen"},"content":{"rendered":"<p><a href=\"https:\/\/www.twofamilyarchives.com\/blog\/category\/pressreview-total\/pressreview-tvandradio\/\">Hier k\u00f6nnen Sie die meisten Radio- und Fernseh- Reportagen \u00fcber uns finden und anh\u00f6ren bzw. ansehen.<\/a><\/p>\n<p><a href=\"https:\/\/www.twofamilyarchives.com\/blog\/category\/pressreview-total\/pressreview-print\/\">Den Print Pressespiegel finden Sie hier<\/a><\/p>","protected":false},"excerpt":{"rendered":"<p>Hier k\u00f6nnen Sie die meisten Radio- und Fernseh- Reportagen \u00fcber uns finden und anh\u00f6ren bzw. ansehen. Den Print Pressespiegel finden Sie hier <a class=\"continue-reading-link\" href=\"https:\/\/www.twofamilyarchives.com\/de\/reviews\/\">Continue reading<\/a><\/p>\n","protected":false},"author":1,"featured_media":0,"parent":0,"menu_order":5,"comment_status":"closed","ping_status":"closed","template":"","meta":{"jetpack_post_was_ever_published":false,"footnotes":""},"class_list":["post-33","page","type-page","status-publish","hentry"],"jetpack_sharing_enabled":true,"jetpack_shortlink":"https:\/\/wp.me\/P5fLuA-x","_links":{"self":[{"href":"https:\/\/www.twofamilyarchives.com\/de\/wp-json\/wp\/v2\/pages\/33","targetHints":{"allow":["GET"]}}],"collection":[{"href":"https:\/\/www.twofamilyarchives.com\/de\/wp-json\/wp\/v2\/pages"}],"about":[{"href":"https:\/\/www.twofamilyarchives.com\/de\/wp-json\/wp\/v2\/types\/page"}],"author":[{"embeddable":true,"href":"https:\/\/www.twofamilyarchives.com\/de\/wp-json\/wp\/v2\/users\/1"}],"replies":[{"embeddable":true,"href":"https:\/\/www.twofamilyarchives.com\/de\/wp-json\/wp\/v2\/comments?post=33"}],"version-history":[{"count":3,"href":"https:\/\/www.twofamilyarchives.com\/de\/wp-json\/wp\/v2\/pages\/33\/revisions"}],"predecessor-version":[{"id":330,"href":"https:\/\/www.twofamilyarchives.com\/de\/wp-json\/wp\/v2\/pages\/33\/revisions\/330"}],"wp:attachment":[{"href":"https:\/\/www.twofamilyarchives.com\/de\/wp-json\/wp\/v2\/media?parent=33"}],"curies":[{"name":"wp","href":"https:\/\/api.w.org\/{rel}","templated":true}]}}