{"id":24,"date":"2017-02-13T11:39:56","date_gmt":"2017-02-13T10:39:56","guid":{"rendered":"http:\/\/www.twofamilyarchives.com\/?page_id=24"},"modified":"2017-02-14T08:35:24","modified_gmt":"2017-02-14T07:35:24","slug":"the-dialogue","status":"publish","type":"page","link":"https:\/\/www.twofamilyarchives.com\/de\/the-dialogue\/","title":{"rendered":"Dialog"},"content":{"rendered":"<p><a href=\"http:\/\/www.twofamilyarchives.com\/wp-content\/uploads\/2017\/02\/entrance_montage-fotoecht-new.jpg\"><img fetchpriority=\"high\" decoding=\"async\" class=\"alignleft wp-image-25\" src=\"http:\/\/www.twofamilyarchives.com\/wp-content\/uploads\/2017\/02\/entrance_montage-fotoecht-new-300x212.jpg\" width=\"450\" height=\"318\" srcset=\"https:\/\/www.twofamilyarchives.com\/wp-content\/uploads\/2017\/02\/entrance_montage-fotoecht-new-300x212.jpg 300w, https:\/\/www.twofamilyarchives.com\/wp-content\/uploads\/2017\/02\/entrance_montage-fotoecht-new-768x542.jpg 768w, https:\/\/www.twofamilyarchives.com\/wp-content\/uploads\/2017\/02\/entrance_montage-fotoecht-new-1024x723.jpg 1024w, https:\/\/www.twofamilyarchives.com\/wp-content\/uploads\/2017\/02\/entrance_montage-fotoecht-new-496x350.jpg 496w, https:\/\/www.twofamilyarchives.com\/wp-content\/uploads\/2017\/02\/entrance_montage-fotoecht-new-150x106.jpg 150w\" sizes=\"(max-width: 450px) 100vw, 450px\" \/><\/a>Ein Dialog zwischen einem israelischen und einem \u00f6sterreichischen K\u00fcnstler, die sich jeweils der diametral entgegengesetzten Vergangenheiten ihrer Familien anzun\u00e4hern und auszusetzen versuchen, ist nachvollziehbarer Weise sehr heikel und herausfordernd. Dieses gemeinsame Projekt versucht sich widerspr\u00fcchlichen und schwierigen Aspekten des Holocausts in jenen Momenten zu stellen, wo die Frage des pers\u00f6nlichen Umgangs mit demselben und des Umgangs miteinander schlagend wird. Das Ganze gleicht einer Wanderung in einem Minenfeld, weil jedes noch so kleine Thema, jeder Ansatzpunkt und jeder Gedanke das Potential hat, gleichsam zu detonieren und sowohl einen selbst als auch andere zu verletzen.<\/p>","protected":false},"excerpt":{"rendered":"<p>Ein Dialog zwischen einem israelischen und einem \u00f6sterreichischen K\u00fcnstler, die sich jeweils der diametral entgegengesetzten Vergangenheiten ihrer Familien anzun\u00e4hern und auszusetzen versuchen, ist nachvollziehbarer Weise sehr heikel und herausfordernd. Dieses gemeinsame Projekt versucht sich widerspr\u00fcchlichen und schwierigen Aspekten des Holocausts in jenen Momenten zu stellen, wo die Frage des pers\u00f6nlichen Umgangs mit demselben und des Umgangs miteinander schlagend wird. Das Ganze gleicht einer Wanderung in einem Minenfeld, weil jedes noch so kleine Thema, jeder Ansatzpunkt und jeder Gedanke das Potential\u2026 <a class=\"continue-reading-link\" href=\"https:\/\/www.twofamilyarchives.com\/de\/the-dialogue\/\">Continue reading<\/a><\/p>\n","protected":false},"author":1,"featured_media":0,"parent":0,"menu_order":2,"comment_status":"closed","ping_status":"closed","template":"","meta":{"jetpack_post_was_ever_published":false,"footnotes":""},"class_list":["post-24","page","type-page","status-publish","hentry"],"jetpack_sharing_enabled":true,"jetpack_shortlink":"https:\/\/wp.me\/P5fLuA-o","_links":{"self":[{"href":"https:\/\/www.twofamilyarchives.com\/de\/wp-json\/wp\/v2\/pages\/24","targetHints":{"allow":["GET"]}}],"collection":[{"href":"https:\/\/www.twofamilyarchives.com\/de\/wp-json\/wp\/v2\/pages"}],"about":[{"href":"https:\/\/www.twofamilyarchives.com\/de\/wp-json\/wp\/v2\/types\/page"}],"author":[{"embeddable":true,"href":"https:\/\/www.twofamilyarchives.com\/de\/wp-json\/wp\/v2\/users\/1"}],"replies":[{"embeddable":true,"href":"https:\/\/www.twofamilyarchives.com\/de\/wp-json\/wp\/v2\/comments?post=24"}],"version-history":[{"count":3,"href":"https:\/\/www.twofamilyarchives.com\/de\/wp-json\/wp\/v2\/pages\/24\/revisions"}],"predecessor-version":[{"id":48,"href":"https:\/\/www.twofamilyarchives.com\/de\/wp-json\/wp\/v2\/pages\/24\/revisions\/48"}],"wp:attachment":[{"href":"https:\/\/www.twofamilyarchives.com\/de\/wp-json\/wp\/v2\/media?parent=24"}],"curies":[{"name":"wp","href":"https:\/\/api.w.org\/{rel}","templated":true}]}}