{"id":109,"date":"2017-02-27T09:31:51","date_gmt":"2017-02-27T08:31:51","guid":{"rendered":"http:\/\/www.twofamilyarchives.com\/?page_id=109"},"modified":"2017-05-30T11:33:00","modified_gmt":"2017-05-30T10:33:00","slug":"the-artists","status":"publish","type":"page","link":"https:\/\/www.twofamilyarchives.com\/de\/about-us\/the-artists\/","title":{"rendered":"The Artists"},"content":{"rendered":"<p><\/p>\n<h2>Friedemann Derschmidt<\/h2>\n<p>geboren 1967 ist Filmemacher, Forscher, Kurator und bildender K\u00fcnstler und lehrt und arbeitet an der Akademie der bildenden K\u00fcnste Wien im <a href=\"http:\/\/colabs.akbild.ac.at\/de\/forschungslabor-film-fernsehen\/\" target=\"_blank\">Forschungslabor Film und Fernsehen<\/a>. In seinen Dokumentarfilmen, Ausstellungen, und seiner Forschung besch\u00e4ftigt er sich mit der Frage von Erinnerung und Erz\u00e4hlen, dem Trans\u00adformieren von Erz\u00e4hlung zu Geschichte sowie Fragen der nonverbalen Weitergabe. Er leitete von 2011 bis 2013 das FWF Projekt Memscreen (mit Karin Schneider, Tal Adler, Attila Kosa) und widmet sich im Nachfolgeprojekt Conserved Memories (mit Karin Schneider, Tal Adler, Niko Wahl, Anna Sz\u00f6ke) der Ausarbeitung seines Projekts \u201eReichel komplex\u201c.<br \/>\nSeit 2014 leitet er gemeinsam mit Daniela Zobel und Ronen Eidelmann die <a href=\"https:\/\/www.sussmannstiftung.org\" target=\"_blank\">Anni und Heinrich Sussmannstiftung<\/a><\/p>\n<p>&nbsp;<\/p>\n<h2>Shimon Lev<\/h2>\n<p>geboren 1962ist K\u00fcnstler, Fotograf, Kurator und Wissenschafter (Historiker), Teilnehmer an viel z\u00e4hligen akademischen Konferenzen in den Feldern &#8222;Indian-, Eastern-, and Jewish Studies&#8220; sowie in Kunst und Literatur. Stellte in \u00fcber 21 Solo Ausstellungen und mehr als 75 Gruppenausstellungen in Israel und ausserhalb. Seine Arbeiten finden sich in Museen und privaten Sammlungen. Er ist Author mehrerer B\u00fccher und Artikel zu wissenschaftlichen und k\u00fcnstlerischen Themen.<\/p>","protected":false},"excerpt":{"rendered":"<p>Friedemann Derschmidt geboren 1967 ist Filmemacher, Forscher, Kurator und bildender K\u00fcnstler und lehrt und arbeitet an der Akademie der bildenden K\u00fcnste Wien im Forschungslabor Film und Fernsehen. In seinen Dokumentarfilmen, Ausstellungen, und seiner Forschung besch\u00e4ftigt er sich mit der Frage von Erinnerung und Erz\u00e4hlen, dem Trans\u00adformieren von Erz\u00e4hlung zu Geschichte sowie Fragen der nonverbalen Weitergabe. Er leitete von 2011 bis 2013 das FWF Projekt Memscreen (mit Karin Schneider, Tal Adler, Attila Kosa) und widmet sich im Nachfolgeprojekt Conserved Memories (mit\u2026 <a class=\"continue-reading-link\" href=\"https:\/\/www.twofamilyarchives.com\/de\/about-us\/the-artists\/\">Continue reading<\/a><\/p>\n","protected":false},"author":1,"featured_media":0,"parent":35,"menu_order":0,"comment_status":"closed","ping_status":"closed","template":"","meta":{"jetpack_post_was_ever_published":false,"footnotes":""},"class_list":["post-109","page","type-page","status-publish","hentry"],"jetpack_sharing_enabled":true,"jetpack_shortlink":"https:\/\/wp.me\/P5fLuA-1L","_links":{"self":[{"href":"https:\/\/www.twofamilyarchives.com\/de\/wp-json\/wp\/v2\/pages\/109","targetHints":{"allow":["GET"]}}],"collection":[{"href":"https:\/\/www.twofamilyarchives.com\/de\/wp-json\/wp\/v2\/pages"}],"about":[{"href":"https:\/\/www.twofamilyarchives.com\/de\/wp-json\/wp\/v2\/types\/page"}],"author":[{"embeddable":true,"href":"https:\/\/www.twofamilyarchives.com\/de\/wp-json\/wp\/v2\/users\/1"}],"replies":[{"embeddable":true,"href":"https:\/\/www.twofamilyarchives.com\/de\/wp-json\/wp\/v2\/comments?post=109"}],"version-history":[{"count":6,"href":"https:\/\/www.twofamilyarchives.com\/de\/wp-json\/wp\/v2\/pages\/109\/revisions"}],"predecessor-version":[{"id":324,"href":"https:\/\/www.twofamilyarchives.com\/de\/wp-json\/wp\/v2\/pages\/109\/revisions\/324"}],"up":[{"embeddable":true,"href":"https:\/\/www.twofamilyarchives.com\/de\/wp-json\/wp\/v2\/pages\/35"}],"wp:attachment":[{"href":"https:\/\/www.twofamilyarchives.com\/de\/wp-json\/wp\/v2\/media?parent=109"}],"curies":[{"name":"wp","href":"https:\/\/api.w.org\/{rel}","templated":true}]}}